{"id":1793,"date":"2023-06-20T10:38:31","date_gmt":"2023-06-20T13:38:31","guid":{"rendered":"http:\/\/jornal.cambe.pr.gov.br\/?page_id=1793"},"modified":"2026-04-06T10:54:40","modified_gmt":"2026-04-06T13:54:40","slug":"jornal-edicoes-anteriores","status":"publish","type":"page","link":"https:\/\/jornal.cambe.pr.gov.br\/index.php\/jornal-edicoes-anteriores\/","title":{"rendered":"Jornal (edi\u00e7\u00f5es anteriores a 2018)"},"content":{"rendered":"<p>Espa\u00e7o reservado para publica\u00e7\u00e3o das edi\u00e7\u00f5es anteriores a 29\/04\/2018.<\/p>\n<p>O Departamento de Imprensa Oficial informa que a partir de 09\/05\/2013 todas as Edi\u00e7\u00f5es do Jornal Oficial do Munic\u00edpio de Camb\u00e9 publicados no site estar\u00e3o assinados digitalmente.<\/p>\n<p>A Certifica\u00e7\u00e3o Digital \u00e9 um conjunto de tecnologias e procedimentos que visam garantir a validade de um Certificado Digital, a\u00a0ICP-BRASIL\u00a0\u00e9 a infraestrutura Legal Brasileira para Certifica\u00e7\u00e3o Digital, de acordo com a\u00a0Medida Provis\u00f3ria 2200\u00a0que estabelece e normatiza estas condi\u00e7\u00f5es. Sendo assim, s\u00e3o considerados legalmente v\u00e1lidos, no \u00e2mbito nacional, apenas os certificados emitidos por autoridades certificadoras credenciadas junto \u00e0\u00a0ICP-BRASIL.<\/p>\n<div>\n<div><\/div>\n<div><a href=\"http:\/\/signer.bry.com.br\/instrucoes.html\" target=\"_blank\" rel=\"noopener\"><img loading=\"lazy\" decoding=\"async\" src=\"https:\/\/jornal.cambe.pr.gov.br\/wp-content\/uploads\/2024\/11\/bry_signer.jpg\" alt=\"\" width=\"100\" height=\"77\" \/><\/a>\u00a0 \u00a0\u00a0<a href=\"http:\/\/signer.bry.com.br\/instrucoes.html\" target=\"_blank\" rel=\"noopener\"><img loading=\"lazy\" decoding=\"async\" src=\"https:\/\/jornal.cambe.pr.gov.br\/wp-content\/uploads\/2024\/11\/bry_signer_download.jpg\" alt=\"\" width=\"80\" height=\"100\" \/><\/a><\/div>\n<\/div>\n<p><a href=\"http:\/\/signer.bry.com.br\/instrucoes.html\" target=\"_blank\" rel=\"noopener\"><strong>Portanto para visualiza\u00e7\u00e3o das edi\u00e7\u00f5es mais antigas ser\u00e1 necess\u00e1rio baixar e instalar o Aplicativo Bry Singer, para isso clique AQUI.<\/strong><\/a><\/p>\n<div class='w3eden'>\n    <div class=''>\n\n        <form method=\"get\" class=\"\" data-container=\"#content_wpdm_package_1\" id=\"sc_form_wpdm_package_1\" style=\"margin-bottom: 15px\">\n    \n            <div class=\"card panel panel-default wpdm-shortcode-toolbar\">\n                <div class=\"card-body panel-body\">\n                    <div class=\"row\">\n                        <div class=\"col-lg-6 col-md-12\">\n                            <input type=\"search\" name=\"skw\" value=\"\" placeholder=\"Pesquisar Arquivos\" class=\"form-control\" \/>\n                        <\/div>\n                        <div class=\"col-lg-2 col-md-4\">\n                            <select name=\"orderby\" class=\"wpdm-custom-select custom-select\">\n                                <option value=\"date\" disabled=\"disabled\"> Ordenar por<\/option>\n                                <option value=\"date\" >Publica\u00e7\u00e3o<\/option>\n                                <option value=\"title\" >T\u00edtulo<\/option>\n                                <option value=\"update_date\" >Atualiza\u00e7\u00e3o<\/option>\n                                <option value=\"downloads\" >Downloads<\/option>\n                                <option value=\"views\" > Visualizar Arquivo<\/option>\n                            <\/select>\n                        <\/div>\n                        <div class=\"col-lg-2 col-md-4\">\n                            <select name=\"order\" class=\"wpdm-custom-select custom-select\">\n                                <option value=\"desc\" disabled=\"disabled\">Ordem<\/option>\n                                <option value=\"desc\" >Descendente<\/option>\n                                <option value=\"asc\" >Ascendente<\/option>\n                            <\/select>\n                        <\/div>\n                        <div class=\"col-lg-2 col-md-4\">\n                            <button type=\"submit\" class=\"btn btn-info btn-block\">Filtrar<\/button>\n                        <\/div>\n                    <\/div>\n                <\/div>\n            <\/div>\n\n            <\/form>\n<div class=\"spacer mb-3 d-block clearfix\"><\/div>\n\n        <div id=\"content_wpdm_package_1\">\n            <div class='row'><div class='col-lg-12 col-md-6 col-12'><!-- WPDM Link Template: Default Template -->\n\n<div class=\"link-template-default card mb-2\">\n    <div class=\"card-body\">\n        <div class=\"media\">\n            <div class=\"mr-3 img-48\"><img decoding=\"async\" class=\"wpdm_icon\" alt=\"\u00edcone\"   src=\"http:\/\/jornal.cambe.pr.gov.br\/wp-content\/plugins\/download-manager\/assets\/file-type-icons\/pdf.svg\" \/><\/div>\n            <div class=\"media-body\">\n                <h3 class=\"package-title\"><a href='https:\/\/jornal.cambe.pr.gov.br\/index.php\/download\/edicao-01-08-02-2010-caderno-1\/'>Edi\u00e7\u00e3o 01 - 08\/02\/2010 - Caderno 1<\/a><\/h3>\n                <div class=\"text-muted text-small\"><i class=\"fas fa-copy\"><\/i> 1  arquivo(s) <i class=\"fas fa-hdd ml-3\"><\/i> 31.28 MB<\/div>\n            <\/div>\n            <div class=\"ml-3\">\n                <a class='wpdm-download-link download-on-click btn btn-primary ' rel='nofollow' href='#' data-downloadurl=\"https:\/\/jornal.cambe.pr.gov.br\/index.php\/download\/edicao-01-08-02-2010-caderno-1\/?wpdmdl=1819&refresh=69db18b43e34b1775966388\">Download<\/a>\n            <\/div>\n        <\/div>\n    <\/div>\n<\/div>\n\n<\/div><div class='col-lg-12 col-md-6 col-12'><!-- WPDM Link Template: Default Template -->\n\n<div class=\"link-template-default card mb-2\">\n    <div class=\"card-body\">\n        <div class=\"media\">\n            <div class=\"mr-3 img-48\"><img decoding=\"async\" class=\"wpdm_icon\" alt=\"\u00edcone\"   src=\"http:\/\/jornal.cambe.pr.gov.br\/wp-content\/plugins\/download-manager\/assets\/file-type-icons\/pdf.svg\" \/><\/div>\n            <div class=\"media-body\">\n                <h3 class=\"package-title\"><a href='https:\/\/jornal.cambe.pr.gov.br\/index.php\/download\/edicao-01-08-02-2010-caderno-2\/'>Edi\u00e7\u00e3o 01 - 08\/02\/2010 - Caderno 2<\/a><\/h3>\n                <div class=\"text-muted text-small\"><i class=\"fas fa-copy\"><\/i> 1  arquivo(s) <i class=\"fas fa-hdd ml-3\"><\/i> 32.44 MB<\/div>\n            <\/div>\n            <div class=\"ml-3\">\n                <a class='wpdm-download-link download-on-click btn btn-primary ' rel='nofollow' href='#' data-downloadurl=\"https:\/\/jornal.cambe.pr.gov.br\/index.php\/download\/edicao-01-08-02-2010-caderno-2\/?wpdmdl=1820&refresh=69db18b452d291775966388\">Download<\/a>\n            <\/div>\n        <\/div>\n    <\/div>\n<\/div>\n\n<\/div><div class='col-lg-12 col-md-6 col-12'><!-- WPDM Link Template: Default Template -->\n\n<div class=\"link-template-default card mb-2\">\n    <div class=\"card-body\">\n        <div class=\"media\">\n            <div class=\"mr-3 img-48\"><img decoding=\"async\" class=\"wpdm_icon\" alt=\"\u00edcone\"   src=\"http:\/\/jornal.cambe.pr.gov.br\/wp-content\/plugins\/download-manager\/assets\/file-type-icons\/pdf.svg\" \/><\/div>\n            <div class=\"media-body\">\n                <h3 class=\"package-title\"><a href='https:\/\/jornal.cambe.pr.gov.br\/index.php\/download\/edicao-1-08-02-2010-caderno-3\/'>Edi\u00e7\u00e3o 1 - 08\/02\/2010 - Caderno 3<\/a><\/h3>\n                <div class=\"text-muted text-small\"><i class=\"fas fa-copy\"><\/i> 1  arquivo(s) <i class=\"fas fa-hdd ml-3\"><\/i> 7.75 MB<\/div>\n            <\/div>\n            <div class=\"ml-3\">\n                <a class='wpdm-download-link download-on-click btn btn-primary ' rel='nofollow' href='#' data-downloadurl=\"https:\/\/jornal.cambe.pr.gov.br\/index.php\/download\/edicao-1-08-02-2010-caderno-3\/?wpdmdl=1821&refresh=69db18b4666f41775966388\">Download<\/a>\n            <\/div>\n        <\/div>\n    <\/div>\n<\/div>\n\n<\/div><div class='col-lg-12 col-md-6 col-12'><!-- WPDM Link Template: Default Template -->\n\n<div class=\"link-template-default card mb-2\">\n    <div class=\"card-body\">\n        <div class=\"media\">\n            <div class=\"mr-3 img-48\"><img decoding=\"async\" class=\"wpdm_icon\" alt=\"\u00edcone\"   src=\"http:\/\/jornal.cambe.pr.gov.br\/wp-content\/plugins\/download-manager\/assets\/file-type-icons\/pdf.svg\" \/><\/div>\n            <div class=\"media-body\">\n                <h3 class=\"package-title\"><a href='https:\/\/jornal.cambe.pr.gov.br\/index.php\/download\/edicao-2-14-02-2010\/'>Edi\u00e7\u00e3o 2 - 14\/02\/2010<\/a><\/h3>\n                <div class=\"text-muted text-small\"><i class=\"fas fa-copy\"><\/i> 1  arquivo(s) <i class=\"fas fa-hdd ml-3\"><\/i> 8.36 MB<\/div>\n            <\/div>\n            <div class=\"ml-3\">\n                <a class='wpdm-download-link download-on-click btn btn-primary ' rel='nofollow' href='#' data-downloadurl=\"https:\/\/jornal.cambe.pr.gov.br\/index.php\/download\/edicao-2-14-02-2010\/?wpdmdl=1822&refresh=69db18b479fc81775966388\">Download<\/a>\n            <\/div>\n        <\/div>\n    <\/div>\n<\/div>\n\n<\/div><div class='col-lg-12 col-md-6 col-12'><!-- WPDM Link Template: Default Template -->\n\n<div class=\"link-template-default card mb-2\">\n    <div class=\"card-body\">\n        <div class=\"media\">\n            <div class=\"mr-3 img-48\"><img decoding=\"async\" class=\"wpdm_icon\" alt=\"\u00edcone\"   src=\"http:\/\/jornal.cambe.pr.gov.br\/wp-content\/plugins\/download-manager\/assets\/file-type-icons\/pdf.svg\" \/><\/div>\n            <div class=\"media-body\">\n                <h3 class=\"package-title\"><a href='https:\/\/jornal.cambe.pr.gov.br\/index.php\/download\/edicao-3-21-02-2010\/'>Edi\u00e7\u00e3o 3 - 21\/02\/2010<\/a><\/h3>\n                <div class=\"text-muted text-small\"><i class=\"fas fa-copy\"><\/i> 1  arquivo(s) <i class=\"fas fa-hdd ml-3\"><\/i> 11.62 MB<\/div>\n            <\/div>\n            <div class=\"ml-3\">\n                <a class='wpdm-download-link download-on-click btn btn-primary ' rel='nofollow' href='#' data-downloadurl=\"https:\/\/jornal.cambe.pr.gov.br\/index.php\/download\/edicao-3-21-02-2010\/?wpdmdl=1823&refresh=69db18b48d9b21775966388\">Download<\/a>\n            <\/div>\n        <\/div>\n    <\/div>\n<\/div>\n\n<\/div><div class='col-lg-12 col-md-6 col-12'><!-- WPDM Link Template: Default Template -->\n\n<div class=\"link-template-default card mb-2\">\n    <div class=\"card-body\">\n        <div class=\"media\">\n            <div class=\"mr-3 img-48\"><img decoding=\"async\" class=\"wpdm_icon\" alt=\"\u00edcone\"   src=\"http:\/\/jornal.cambe.pr.gov.br\/wp-content\/plugins\/download-manager\/assets\/file-type-icons\/pdf.svg\" \/><\/div>\n            <div class=\"media-body\">\n                <h3 class=\"package-title\"><a href='https:\/\/jornal.cambe.pr.gov.br\/index.php\/download\/edicao-4-28-02-2010\/'>Edi\u00e7\u00e3o 4 - 28\/02\/2010<\/a><\/h3>\n                <div class=\"text-muted text-small\"><i class=\"fas fa-copy\"><\/i> 1  arquivo(s) <i class=\"fas fa-hdd ml-3\"><\/i> 14.94 MB<\/div>\n            <\/div>\n            <div class=\"ml-3\">\n                <a class='wpdm-download-link download-on-click btn btn-primary ' rel='nofollow' href='#' data-downloadurl=\"https:\/\/jornal.cambe.pr.gov.br\/index.php\/download\/edicao-4-28-02-2010\/?wpdmdl=1824&refresh=69db18b4a13e11775966388\">Download<\/a>\n            <\/div>\n        <\/div>\n    <\/div>\n<\/div>\n\n<\/div><div class='col-lg-12 col-md-6 col-12'><!-- WPDM Link Template: Default Template -->\n\n<div class=\"link-template-default card mb-2\">\n    <div class=\"card-body\">\n        <div class=\"media\">\n            <div class=\"mr-3 img-48\"><img decoding=\"async\" class=\"wpdm_icon\" alt=\"\u00edcone\"   src=\"http:\/\/jornal.cambe.pr.gov.br\/wp-content\/plugins\/download-manager\/assets\/file-type-icons\/pdf.svg\" \/><\/div>\n            <div class=\"media-body\">\n                <h3 class=\"package-title\"><a href='https:\/\/jornal.cambe.pr.gov.br\/index.php\/download\/edicao-5-07-03-2010\/'>Edi\u00e7\u00e3o 5 - 07\/03\/2010<\/a><\/h3>\n                <div class=\"text-muted text-small\"><i class=\"fas fa-copy\"><\/i> 1  arquivo(s) <i class=\"fas fa-hdd ml-3\"><\/i> 17.51 MB<\/div>\n            <\/div>\n            <div class=\"ml-3\">\n                <a class='wpdm-download-link download-on-click btn btn-primary ' rel='nofollow' href='#' data-downloadurl=\"https:\/\/jornal.cambe.pr.gov.br\/index.php\/download\/edicao-5-07-03-2010\/?wpdmdl=1825&refresh=69db18b4b4f841775966388\">Download<\/a>\n            <\/div>\n        <\/div>\n    <\/div>\n<\/div>\n\n<\/div><div class='col-lg-12 col-md-6 col-12'><!-- WPDM Link Template: Default Template -->\n\n<div class=\"link-template-default card mb-2\">\n    <div class=\"card-body\">\n        <div class=\"media\">\n            <div class=\"mr-3 img-48\"><img decoding=\"async\" class=\"wpdm_icon\" alt=\"\u00edcone\"   src=\"http:\/\/jornal.cambe.pr.gov.br\/wp-content\/plugins\/download-manager\/assets\/file-type-icons\/pdf.svg\" \/><\/div>\n            <div class=\"media-body\">\n                <h3 class=\"package-title\"><a href='https:\/\/jornal.cambe.pr.gov.br\/index.php\/download\/edicao-6-14-03-2010\/'>Edi\u00e7\u00e3o 6 - 14\/03\/2010<\/a><\/h3>\n                <div class=\"text-muted text-small\"><i class=\"fas fa-copy\"><\/i> 1  arquivo(s) <i class=\"fas fa-hdd ml-3\"><\/i> 9.88 MB<\/div>\n            <\/div>\n            <div class=\"ml-3\">\n                <a class='wpdm-download-link download-on-click btn btn-primary ' rel='nofollow' href='#' data-downloadurl=\"https:\/\/jornal.cambe.pr.gov.br\/index.php\/download\/edicao-6-14-03-2010\/?wpdmdl=1826&refresh=69db18b4c89751775966388\">Download<\/a>\n            <\/div>\n        <\/div>\n    <\/div>\n<\/div>\n\n<\/div><div class='col-lg-12 col-md-6 col-12'><!-- WPDM Link Template: Default Template -->\n\n<div class=\"link-template-default card mb-2\">\n    <div class=\"card-body\">\n        <div class=\"media\">\n            <div class=\"mr-3 img-48\"><img decoding=\"async\" class=\"wpdm_icon\" alt=\"\u00edcone\"   src=\"http:\/\/jornal.cambe.pr.gov.br\/wp-content\/plugins\/download-manager\/assets\/file-type-icons\/pdf.svg\" \/><\/div>\n            <div class=\"media-body\">\n                <h3 class=\"package-title\"><a href='https:\/\/jornal.cambe.pr.gov.br\/index.php\/download\/edicao-7-21-03-2010\/'>Edi\u00e7\u00e3o 7 - 21\/03\/2010<\/a><\/h3>\n                <div class=\"text-muted text-small\"><i class=\"fas fa-copy\"><\/i> 1  arquivo(s) <i class=\"fas fa-hdd ml-3\"><\/i> 25.31 MB<\/div>\n            <\/div>\n            <div class=\"ml-3\">\n                <a class='wpdm-download-link download-on-click btn btn-primary ' rel='nofollow' href='#' data-downloadurl=\"https:\/\/jornal.cambe.pr.gov.br\/index.php\/download\/edicao-7-21-03-2010\/?wpdmdl=1827&refresh=69db18b4dc4d21775966388\">Download<\/a>\n            <\/div>\n        <\/div>\n    <\/div>\n<\/div>\n\n<\/div><div class='col-lg-12 col-md-6 col-12'><!-- WPDM Link Template: Default Template -->\n\n<div class=\"link-template-default card mb-2\">\n    <div class=\"card-body\">\n        <div class=\"media\">\n            <div class=\"mr-3 img-48\"><img decoding=\"async\" class=\"wpdm_icon\" alt=\"\u00edcone\"   src=\"http:\/\/jornal.cambe.pr.gov.br\/wp-content\/plugins\/download-manager\/assets\/file-type-icons\/pdf.svg\" \/><\/div>\n            <div class=\"media-body\">\n                <h3 class=\"package-title\"><a href='https:\/\/jornal.cambe.pr.gov.br\/index.php\/download\/edicao-8-28-03-2010\/'>Edi\u00e7\u00e3o 8 - 28\/03\/2010<\/a><\/h3>\n                <div class=\"text-muted text-small\"><i class=\"fas fa-copy\"><\/i> 1  arquivo(s) <i class=\"fas fa-hdd ml-3\"><\/i> 19.19 MB<\/div>\n            <\/div>\n            <div class=\"ml-3\">\n                <a class='wpdm-download-link download-on-click btn btn-primary ' rel='nofollow' href='#' data-downloadurl=\"https:\/\/jornal.cambe.pr.gov.br\/index.php\/download\/edicao-8-28-03-2010\/?wpdmdl=1828&refresh=69db18b4f018c1775966388\">Download<\/a>\n            <\/div>\n        <\/div>\n    <\/div>\n<\/div>\n\n<\/div><\/div>            <div style='clear:both'><\/div><div class='text-center'><ul class='pagination wpdm-pagination pagination-centered text-center'><li><span aria-current=\"page\" class=\"page-numbers current\">1<\/span><\/li><li><a data-container='#content_wpdm_package_1' class=\"page-numbers\" href=\"https:\/\/jornal.cambe.pr.gov.br\/index.php\/wp-json\/wp\/v2\/pages\/1793\/?cp=2\">2<\/a><\/li><li><a data-container='#content_wpdm_package_1' class=\"page-numbers\" href=\"https:\/\/jornal.cambe.pr.gov.br\/index.php\/wp-json\/wp\/v2\/pages\/1793\/?cp=3\">3<\/a><\/li><li><span class=\"page-numbers dots\">&hellip;<\/span><\/li><li><a data-container='#content_wpdm_package_1' class=\"page-numbers\" href=\"https:\/\/jornal.cambe.pr.gov.br\/index.php\/wp-json\/wp\/v2\/pages\/1793\/?cp=51\">51<\/a><\/li><li><a data-container='#content_wpdm_package_1' class=\"page-numbers\" href=\"https:\/\/jornal.cambe.pr.gov.br\/index.php\/wp-json\/wp\/v2\/pages\/1793\/?cp=52\">52<\/a><\/li><li><a data-container='#content_wpdm_package_1' class=\"next page-numbers\" href=\"https:\/\/jornal.cambe.pr.gov.br\/index.php\/wp-json\/wp\/v2\/pages\/1793\/?cp=2\"> <i style=\"display: inline-block;width: 8px;height: 8px;border-right: 2px solid;border-top: 2px solid;transform: rotate(45deg);margin-left: -2px;margin-top: -2px;\"><\/i> <\/a><\/li><\/ul><\/div><div style='clear:both'><\/div>        <\/div>\n\n        <div style='clear:both'><\/div>\n    <\/div>\n<\/div>\n\n","protected":false},"excerpt":{"rendered":"<p>Espa\u00e7o reservado para publica\u00e7\u00e3o das edi\u00e7\u00f5es anteriores a 29\/04\/2018. O Departamento de Imprensa Oficial informa que a partir de 09\/05\/2013 todas as Edi\u00e7\u00f5es do Jornal Oficial do Munic\u00edpio de Camb\u00e9 publicados no site estar\u00e3o assinados digitalmente. A Certifica\u00e7\u00e3o Digital \u00e9 um conjunto de tecnologias e procedimentos que visam garantir a validade de um Certificado Digital, [&hellip;]<\/p>\n","protected":false},"author":3,"featured_media":0,"parent":0,"menu_order":0,"comment_status":"closed","ping_status":"closed","template":"","meta":{"footnotes":""},"class_list":["post-1793","page","type-page","status-publish","hentry"],"yoast_head":"<!-- This site is optimized with the Yoast SEO plugin v24.4 - https:\/\/yoast.com\/wordpress\/plugins\/seo\/ -->\n<title>Jornal (edi\u00e7\u00f5es anteriores a 2018) - Jornal Oficial do Munic\u00edpio de Camb\u00e9<\/title>\n<meta name=\"robots\" content=\"index, follow, max-snippet:-1, max-image-preview:large, max-video-preview:-1\" \/>\n<link rel=\"canonical\" href=\"https:\/\/jornal.cambe.pr.gov.br\/index.php\/jornal-edicoes-anteriores\/\" \/>\n<meta property=\"og:locale\" content=\"pt_BR\" \/>\n<meta property=\"og:type\" content=\"article\" \/>\n<meta property=\"og:title\" content=\"Jornal (edi\u00e7\u00f5es anteriores a 2018) - Jornal Oficial do Munic\u00edpio de Camb\u00e9\" \/>\n<meta property=\"og:description\" content=\"Espa\u00e7o reservado para publica\u00e7\u00e3o das edi\u00e7\u00f5es anteriores a 29\/04\/2018. O Departamento de Imprensa Oficial informa que a partir de 09\/05\/2013 todas as Edi\u00e7\u00f5es do Jornal Oficial do Munic\u00edpio de Camb\u00e9 publicados no site estar\u00e3o assinados digitalmente. A Certifica\u00e7\u00e3o Digital \u00e9 um conjunto de tecnologias e procedimentos que visam garantir a validade de um Certificado Digital, [&hellip;]\" \/>\n<meta property=\"og:url\" content=\"https:\/\/jornal.cambe.pr.gov.br\/index.php\/jornal-edicoes-anteriores\/\" \/>\n<meta property=\"og:site_name\" content=\"Jornal Oficial do Munic\u00edpio de Camb\u00e9\" \/>\n<meta property=\"article:modified_time\" content=\"2026-04-06T13:54:40+00:00\" \/>\n<meta property=\"og:image\" content=\"https:\/\/jornal.cambe.pr.gov.br\/wp-content\/uploads\/2024\/11\/bry_signer.jpg\" \/>\n<meta name=\"twitter:card\" content=\"summary_large_image\" \/>\n<meta name=\"twitter:label1\" content=\"Est. tempo de leitura\" \/>\n\t<meta name=\"twitter:data1\" content=\"2 minutos\" \/>\n<script type=\"application\/ld+json\" class=\"yoast-schema-graph\">{\"@context\":\"https:\/\/schema.org\",\"@graph\":[{\"@type\":\"WebPage\",\"@id\":\"https:\/\/jornal.cambe.pr.gov.br\/index.php\/jornal-edicoes-anteriores\/\",\"url\":\"https:\/\/jornal.cambe.pr.gov.br\/index.php\/jornal-edicoes-anteriores\/\",\"name\":\"Jornal (edi\u00e7\u00f5es anteriores a 2018) - Jornal Oficial do Munic\u00edpio de Camb\u00e9\",\"isPartOf\":{\"@id\":\"https:\/\/jornal.cambe.pr.gov.br\/#website\"},\"primaryImageOfPage\":{\"@id\":\"https:\/\/jornal.cambe.pr.gov.br\/index.php\/jornal-edicoes-anteriores\/#primaryimage\"},\"image\":{\"@id\":\"https:\/\/jornal.cambe.pr.gov.br\/index.php\/jornal-edicoes-anteriores\/#primaryimage\"},\"thumbnailUrl\":\"https:\/\/jornal.cambe.pr.gov.br\/wp-content\/uploads\/2024\/11\/bry_signer.jpg\",\"datePublished\":\"2023-06-20T13:38:31+00:00\",\"dateModified\":\"2026-04-06T13:54:40+00:00\",\"breadcrumb\":{\"@id\":\"https:\/\/jornal.cambe.pr.gov.br\/index.php\/jornal-edicoes-anteriores\/#breadcrumb\"},\"inLanguage\":\"pt-BR\",\"potentialAction\":[{\"@type\":\"ReadAction\",\"target\":[\"https:\/\/jornal.cambe.pr.gov.br\/index.php\/jornal-edicoes-anteriores\/\"]}]},{\"@type\":\"ImageObject\",\"inLanguage\":\"pt-BR\",\"@id\":\"https:\/\/jornal.cambe.pr.gov.br\/index.php\/jornal-edicoes-anteriores\/#primaryimage\",\"url\":\"https:\/\/jornal.cambe.pr.gov.br\/wp-content\/uploads\/2024\/11\/bry_signer.jpg\",\"contentUrl\":\"https:\/\/jornal.cambe.pr.gov.br\/wp-content\/uploads\/2024\/11\/bry_signer.jpg\",\"width\":132,\"height\":102},{\"@type\":\"BreadcrumbList\",\"@id\":\"https:\/\/jornal.cambe.pr.gov.br\/index.php\/jornal-edicoes-anteriores\/#breadcrumb\",\"itemListElement\":[{\"@type\":\"ListItem\",\"position\":1,\"name\":\"In\u00edcio\",\"item\":\"https:\/\/jornal.cambe.pr.gov.br\/\"},{\"@type\":\"ListItem\",\"position\":2,\"name\":\"Jornal (edi\u00e7\u00f5es anteriores a 2018)\"}]},{\"@type\":\"WebSite\",\"@id\":\"https:\/\/jornal.cambe.pr.gov.br\/#website\",\"url\":\"https:\/\/jornal.cambe.pr.gov.br\/\",\"name\":\"Jornal Oficial do Munic\u00edpio de Camb\u00e9\",\"description\":\"Prefeitura de Camb\u00e9\",\"potentialAction\":[{\"@type\":\"SearchAction\",\"target\":{\"@type\":\"EntryPoint\",\"urlTemplate\":\"https:\/\/jornal.cambe.pr.gov.br\/?s={search_term_string}\"},\"query-input\":{\"@type\":\"PropertyValueSpecification\",\"valueRequired\":true,\"valueName\":\"search_term_string\"}}],\"inLanguage\":\"pt-BR\"}]}<\/script>\n<!-- \/ Yoast SEO plugin. -->","yoast_head_json":{"title":"Jornal (edi\u00e7\u00f5es anteriores a 2018) - Jornal Oficial do Munic\u00edpio de Camb\u00e9","robots":{"index":"index","follow":"follow","max-snippet":"max-snippet:-1","max-image-preview":"max-image-preview:large","max-video-preview":"max-video-preview:-1"},"canonical":"https:\/\/jornal.cambe.pr.gov.br\/index.php\/jornal-edicoes-anteriores\/","og_locale":"pt_BR","og_type":"article","og_title":"Jornal (edi\u00e7\u00f5es anteriores a 2018) - Jornal Oficial do Munic\u00edpio de Camb\u00e9","og_description":"Espa\u00e7o reservado para publica\u00e7\u00e3o das edi\u00e7\u00f5es anteriores a 29\/04\/2018. O Departamento de Imprensa Oficial informa que a partir de 09\/05\/2013 todas as Edi\u00e7\u00f5es do Jornal Oficial do Munic\u00edpio de Camb\u00e9 publicados no site estar\u00e3o assinados digitalmente. A Certifica\u00e7\u00e3o Digital \u00e9 um conjunto de tecnologias e procedimentos que visam garantir a validade de um Certificado Digital, [&hellip;]","og_url":"https:\/\/jornal.cambe.pr.gov.br\/index.php\/jornal-edicoes-anteriores\/","og_site_name":"Jornal Oficial do Munic\u00edpio de Camb\u00e9","article_modified_time":"2026-04-06T13:54:40+00:00","og_image":[{"url":"https:\/\/jornal.cambe.pr.gov.br\/wp-content\/uploads\/2024\/11\/bry_signer.jpg","type":"","width":"","height":""}],"twitter_card":"summary_large_image","twitter_misc":{"Est. tempo de leitura":"2 minutos"},"schema":{"@context":"https:\/\/schema.org","@graph":[{"@type":"WebPage","@id":"https:\/\/jornal.cambe.pr.gov.br\/index.php\/jornal-edicoes-anteriores\/","url":"https:\/\/jornal.cambe.pr.gov.br\/index.php\/jornal-edicoes-anteriores\/","name":"Jornal (edi\u00e7\u00f5es anteriores a 2018) - Jornal Oficial do Munic\u00edpio de Camb\u00e9","isPartOf":{"@id":"https:\/\/jornal.cambe.pr.gov.br\/#website"},"primaryImageOfPage":{"@id":"https:\/\/jornal.cambe.pr.gov.br\/index.php\/jornal-edicoes-anteriores\/#primaryimage"},"image":{"@id":"https:\/\/jornal.cambe.pr.gov.br\/index.php\/jornal-edicoes-anteriores\/#primaryimage"},"thumbnailUrl":"https:\/\/jornal.cambe.pr.gov.br\/wp-content\/uploads\/2024\/11\/bry_signer.jpg","datePublished":"2023-06-20T13:38:31+00:00","dateModified":"2026-04-06T13:54:40+00:00","breadcrumb":{"@id":"https:\/\/jornal.cambe.pr.gov.br\/index.php\/jornal-edicoes-anteriores\/#breadcrumb"},"inLanguage":"pt-BR","potentialAction":[{"@type":"ReadAction","target":["https:\/\/jornal.cambe.pr.gov.br\/index.php\/jornal-edicoes-anteriores\/"]}]},{"@type":"ImageObject","inLanguage":"pt-BR","@id":"https:\/\/jornal.cambe.pr.gov.br\/index.php\/jornal-edicoes-anteriores\/#primaryimage","url":"https:\/\/jornal.cambe.pr.gov.br\/wp-content\/uploads\/2024\/11\/bry_signer.jpg","contentUrl":"https:\/\/jornal.cambe.pr.gov.br\/wp-content\/uploads\/2024\/11\/bry_signer.jpg","width":132,"height":102},{"@type":"BreadcrumbList","@id":"https:\/\/jornal.cambe.pr.gov.br\/index.php\/jornal-edicoes-anteriores\/#breadcrumb","itemListElement":[{"@type":"ListItem","position":1,"name":"In\u00edcio","item":"https:\/\/jornal.cambe.pr.gov.br\/"},{"@type":"ListItem","position":2,"name":"Jornal (edi\u00e7\u00f5es anteriores a 2018)"}]},{"@type":"WebSite","@id":"https:\/\/jornal.cambe.pr.gov.br\/#website","url":"https:\/\/jornal.cambe.pr.gov.br\/","name":"Jornal Oficial do Munic\u00edpio de Camb\u00e9","description":"Prefeitura de Camb\u00e9","potentialAction":[{"@type":"SearchAction","target":{"@type":"EntryPoint","urlTemplate":"https:\/\/jornal.cambe.pr.gov.br\/?s={search_term_string}"},"query-input":{"@type":"PropertyValueSpecification","valueRequired":true,"valueName":"search_term_string"}}],"inLanguage":"pt-BR"}]}},"_links":{"self":[{"href":"https:\/\/jornal.cambe.pr.gov.br\/index.php\/wp-json\/wp\/v2\/pages\/1793","targetHints":{"allow":["GET"]}}],"collection":[{"href":"https:\/\/jornal.cambe.pr.gov.br\/index.php\/wp-json\/wp\/v2\/pages"}],"about":[{"href":"https:\/\/jornal.cambe.pr.gov.br\/index.php\/wp-json\/wp\/v2\/types\/page"}],"author":[{"embeddable":true,"href":"https:\/\/jornal.cambe.pr.gov.br\/index.php\/wp-json\/wp\/v2\/users\/3"}],"replies":[{"embeddable":true,"href":"https:\/\/jornal.cambe.pr.gov.br\/index.php\/wp-json\/wp\/v2\/comments?post=1793"}],"version-history":[{"count":33,"href":"https:\/\/jornal.cambe.pr.gov.br\/index.php\/wp-json\/wp\/v2\/pages\/1793\/revisions"}],"predecessor-version":[{"id":2796,"href":"https:\/\/jornal.cambe.pr.gov.br\/index.php\/wp-json\/wp\/v2\/pages\/1793\/revisions\/2796"}],"wp:attachment":[{"href":"https:\/\/jornal.cambe.pr.gov.br\/index.php\/wp-json\/wp\/v2\/media?parent=1793"}],"curies":[{"name":"wp","href":"https:\/\/api.w.org\/{rel}","templated":true}]}}